{"id":3581,"date":"2023-01-22T11:13:51","date_gmt":"2023-01-22T11:13:51","guid":{"rendered":"https:\/\/ontdekschouwen.nl\/?post_type=product&#038;p=3581"},"modified":"2023-07-26T09:32:16","modified_gmt":"2023-07-26T08:32:16","slug":"vuurtorenpad-nieuw-haamstede","status":"publish","type":"product","link":"https:\/\/www.ontdekschouwen-duiveland.nl\/de\/produkt\/vuurtorenpad-nieuw-haamstede\/","title":{"rendered":"Leuchtturmweg"},"content":{"rendered":"<ul>\n<li>Entfernung: 1,15 km oder 3,03 km<\/li>\n<li>Ausgangspunkt: Strandkreuzung Leuchtturmweg (Vuurtorenpad), Nieuw-Haamstede.<\/li>\n<li>Kostenpflichtige Parkpl\u00e4tze von 1-4 bis 31-10.<\/li>\n<li>Art des Weges: gepflasterter Weg (kurze Route) oder gepflasterter Weg + Strand (lange Route).<\/li>\n<li>Etwaige H\u00f6henunterschiede.<\/li>\n<li>Der Hund ist an der Leine erlaubt.<\/li>\n<li>Auf Papier oder von Ihrem Handy.<\/li>\n<li>Online- und Offline-Wegbeschreibungen.<\/li>\n<li>30 % Rabatt auf zwei oder mehr gleiche Schnitzeljagden.<\/li>\n<\/ul>","protected":false},"excerpt":{"rendered":"<p>Die weitl\u00e4ufigen Str\u00e4nde von Nieuw-Haamstede sollten Sie sich nicht entgehen lassen! Allein der Weg dorthin ist schon ein tolles Erlebnis, besonders wenn die Kinder sich in der Zwischenzeit toll am\u00fcsieren.<\/p>\n<p>Diese Selfie-Schnitzeljagd ist f\u00fcr kleine und gr\u00f6\u00dfere Kinder. Schnappt euch ein Handy und macht gemeinsam die coolsten Selfies. Wer schafft es, den Leuchtturm als Hut ins Bild zu bekommen?<\/p>","protected":false},"author":2,"featured_media":3585,"template":"","meta":{"_joinchat":[]},"product_brand":[],"product_cat":[31,93],"product_tag":[],"class_list":{"0":"post-3581","1":"product","2":"type-product","3":"status-publish","4":"has-post-thumbnail","6":"product_cat-speurtochten","7":"product_cat-speurtochten-puur-natuur","9":"first","10":"instock","11":"downloadable","12":"shipping-taxable","13":"purchasable","14":"product-type-simple"},"_links":{"self":[{"href":"https:\/\/www.ontdekschouwen-duiveland.nl\/de\/wp-json\/wp\/v2\/product\/3581","targetHints":{"allow":["GET"]}}],"collection":[{"href":"https:\/\/www.ontdekschouwen-duiveland.nl\/de\/wp-json\/wp\/v2\/product"}],"about":[{"href":"https:\/\/www.ontdekschouwen-duiveland.nl\/de\/wp-json\/wp\/v2\/types\/product"}],"author":[{"embeddable":true,"href":"https:\/\/www.ontdekschouwen-duiveland.nl\/de\/wp-json\/wp\/v2\/users\/2"}],"version-history":[{"count":24,"href":"https:\/\/www.ontdekschouwen-duiveland.nl\/de\/wp-json\/wp\/v2\/product\/3581\/revisions"}],"predecessor-version":[{"id":5905,"href":"https:\/\/www.ontdekschouwen-duiveland.nl\/de\/wp-json\/wp\/v2\/product\/3581\/revisions\/5905"}],"wp:featuredmedia":[{"embeddable":true,"href":"https:\/\/www.ontdekschouwen-duiveland.nl\/de\/wp-json\/wp\/v2\/media\/3585"}],"wp:attachment":[{"href":"https:\/\/www.ontdekschouwen-duiveland.nl\/de\/wp-json\/wp\/v2\/media?parent=3581"}],"wp:term":[{"taxonomy":"product_brand","embeddable":true,"href":"https:\/\/www.ontdekschouwen-duiveland.nl\/de\/wp-json\/wp\/v2\/product_brand?post=3581"},{"taxonomy":"product_cat","embeddable":true,"href":"https:\/\/www.ontdekschouwen-duiveland.nl\/de\/wp-json\/wp\/v2\/product_cat?post=3581"},{"taxonomy":"product_tag","embeddable":true,"href":"https:\/\/www.ontdekschouwen-duiveland.nl\/de\/wp-json\/wp\/v2\/product_tag?post=3581"}],"curies":[{"name":"wp","href":"https:\/\/api.w.org\/{rel}","templated":true}]}}