{"id":4532,"date":"2023-03-16T23:08:25","date_gmt":"2023-03-16T22:08:25","guid":{"rendered":"https:\/\/ontdekschouwen.nl\/?post_type=product&#038;p=4532"},"modified":"2023-05-15T10:42:18","modified_gmt":"2023-05-15T09:42:18","slug":"schouwen-duiveland-cleanup","status":"publish","type":"product","link":"https:\/\/www.ontdekschouwen-duiveland.nl\/de\/produkt\/schouwen-duiveland-cleanup\/","title":{"rendered":"Cleanup Challenge"},"content":{"rendered":"<ul>\n<li>Helfen Sie mit, die Insel sauberer und sch\u00f6ner zu machen.<\/li>\n<li>F\u00fcllen Sie die Bingokarte aus, wo immer Sie wollen<\/li>\n<li>Inspirieren Sie andere mit Ihrer Reinigung.<\/li>\n<li>Drucken Sie die Bingokarte aus oder erstellen Sie sie von Ihrem Handy aus (bearbeiten Sie einen Screenshot der Bingokarte).<\/li>\n<li>S\u00e4ubern Sie mindestens 1 M\u00fcllsack mit Abfall.<\/li>\n<li>Machen Sie ein sch\u00f6nes Foto von Ihrer Reinigung.<\/li>\n<li>Teilen Sie Ihr Foto in den sozialen Medien und markieren Sie uns.<\/li>\n<li>Gewinnen Sie ein \u2018Cleanup Schouwen-Duiveland\u2019-Shirt in Ihrer Gr\u00f6\u00dfe.<\/li>\n<\/ul>","protected":false},"excerpt":{"rendered":"<p class=\"_04xlpA direction-ltr align-start para-style-body\"><span class=\"S1PPyQ\">Eine so wunderbare Insel wie Schouwen-Duiveland, Sie m\u00fcssen verr\u00fcckt danach sein. Hilfst du, das sauber zu halten? Dann kannst du andere inspirieren. F\u00fcllen Sie die Bingokarte aus und gewinnen Sie vielleicht ein sch\u00f6nes T-Shirt! <\/span><\/p>\n<p class=\"_04xlpA direction-ltr align-start para-style-body\"><span class=\"S1PPyQ\">Machen Sie ein sch\u00f6nes Foto von Ihrer <\/span><span class=\"S1PPyQ\">clean-up<\/span><span class=\"S1PPyQ\"> und teilen Sie es auf Facebook und\/oder Instagram. Vergessen Sie nicht, @ontdekschouwen-duiveland zu taggen. <\/span><span class=\"S1PPyQ\">Das beste Foto gewinnt ein cooles T-Shirt!<br \/>\n<\/span><\/p>","protected":false},"author":2,"featured_media":4557,"template":"","meta":{"_joinchat":[]},"product_brand":[],"product_cat":[31,94],"product_tag":[],"class_list":{"0":"post-4532","1":"product","2":"type-product","3":"status-publish","4":"has-post-thumbnail","6":"product_cat-speurtochten","7":"product_cat-speurtochten-met-verrassing","9":"first","10":"instock","11":"downloadable","12":"shipping-taxable","13":"purchasable","14":"product-type-simple"},"_links":{"self":[{"href":"https:\/\/www.ontdekschouwen-duiveland.nl\/de\/wp-json\/wp\/v2\/product\/4532","targetHints":{"allow":["GET"]}}],"collection":[{"href":"https:\/\/www.ontdekschouwen-duiveland.nl\/de\/wp-json\/wp\/v2\/product"}],"about":[{"href":"https:\/\/www.ontdekschouwen-duiveland.nl\/de\/wp-json\/wp\/v2\/types\/product"}],"author":[{"embeddable":true,"href":"https:\/\/www.ontdekschouwen-duiveland.nl\/de\/wp-json\/wp\/v2\/users\/2"}],"version-history":[{"count":13,"href":"https:\/\/www.ontdekschouwen-duiveland.nl\/de\/wp-json\/wp\/v2\/product\/4532\/revisions"}],"predecessor-version":[{"id":4799,"href":"https:\/\/www.ontdekschouwen-duiveland.nl\/de\/wp-json\/wp\/v2\/product\/4532\/revisions\/4799"}],"wp:featuredmedia":[{"embeddable":true,"href":"https:\/\/www.ontdekschouwen-duiveland.nl\/de\/wp-json\/wp\/v2\/media\/4557"}],"wp:attachment":[{"href":"https:\/\/www.ontdekschouwen-duiveland.nl\/de\/wp-json\/wp\/v2\/media?parent=4532"}],"wp:term":[{"taxonomy":"product_brand","embeddable":true,"href":"https:\/\/www.ontdekschouwen-duiveland.nl\/de\/wp-json\/wp\/v2\/product_brand?post=4532"},{"taxonomy":"product_cat","embeddable":true,"href":"https:\/\/www.ontdekschouwen-duiveland.nl\/de\/wp-json\/wp\/v2\/product_cat?post=4532"},{"taxonomy":"product_tag","embeddable":true,"href":"https:\/\/www.ontdekschouwen-duiveland.nl\/de\/wp-json\/wp\/v2\/product_tag?post=4532"}],"curies":[{"name":"wp","href":"https:\/\/api.w.org\/{rel}","templated":true}]}}