{"id":4596,"date":"2023-03-26T11:25:42","date_gmt":"2023-03-26T10:25:42","guid":{"rendered":"https:\/\/ontdekschouwen.nl\/?post_type=product&#038;p=4596"},"modified":"2024-02-22T15:16:50","modified_gmt":"2024-02-22T14:16:50","slug":"brouwershaven","status":"publish","type":"product","link":"https:\/\/www.ontdekschouwen-duiveland.nl\/de\/produkt\/brouwershaven\/","title":{"rendered":"Brouwershaven"},"content":{"rendered":"<ul>\n<li>Entfernung: 1,04 km<\/li>\n<li>Ausgangspunkt: Parkplatz \u2018Nieuwe Jachthaven\u2019, in der N\u00e4he des Spielplatzes.<\/li>\n<li>Endpunkt: Spar Supermarkt.<\/li>\n<li>Wegtyp: weitgehend asphaltiert durch das Zentrum von Brouwershaven.<\/li>\n<li>Der Hund ist an der Leine erlaubt.<\/li>\n<li>Ausdrucken oder von Ihrem Mobiltelefon (im letzteren Fall Stift &amp; Papier mitbringen).<\/li>\n<li>Online- und Offline-Wegbeschreibungen.<\/li>\n<li>Eine \u00dcberraschung pro separat erh\u00e4ltlicher Schnitzeljagd.<\/li>\n<li>Hoge korting bij aankoop van twee of meer dezelfde speurtochten.<\/li>\n<li>Informieren Sie sich vorab \u00fcber die \u00d6ffnungszeiten des <a href=\"https:\/\/www.spar.nl\/winkels\/spar-brouwershaven-843\/\">SPAR<\/a>.<\/li>\n<\/ul>","protected":false},"excerpt":{"rendered":"<p>Der ber\u00fchmte Dichter <span class=\"S1PPyQ\">Jacob Cats (1577 -1660) lebte vor langer Zeit in Brouwershaven und die kleine Stadt in Zeeland ist immer noch sehr stolz darauf. Gehen Sie auf eine Tour durch die Altstadt?<br \/>\n<\/span><\/p>\n<p>Nehmen Sie an dieser thematischen Schnitzeljagd teil und sehen Sie sich die alten Geb\u00e4ude und besonderen Orte von Brouwershaven an. Schaffen Sie es, den verlorene Spr\u00fcche von Jacob Cats zu finden? Am Ende wartet nat\u00fcrlich eine leckere Belohnung! Hinweis: Eine \u00dcberraschung pro separat erworbener Schnitzeljagd!<\/p>","protected":false},"author":2,"featured_media":6104,"template":"","meta":{"_joinchat":[]},"product_brand":[],"product_cat":[31,98,94],"product_tag":[],"class_list":{"0":"post-4596","1":"product","2":"type-product","3":"status-publish","4":"has-post-thumbnail","6":"product_cat-speurtochten","7":"product_cat-speurtochten-cultuur","8":"product_cat-speurtochten-met-verrassing","10":"first","11":"instock","12":"downloadable","13":"shipping-taxable","14":"purchasable","15":"product-type-simple"},"_links":{"self":[{"href":"https:\/\/www.ontdekschouwen-duiveland.nl\/de\/wp-json\/wp\/v2\/product\/4596","targetHints":{"allow":["GET"]}}],"collection":[{"href":"https:\/\/www.ontdekschouwen-duiveland.nl\/de\/wp-json\/wp\/v2\/product"}],"about":[{"href":"https:\/\/www.ontdekschouwen-duiveland.nl\/de\/wp-json\/wp\/v2\/types\/product"}],"author":[{"embeddable":true,"href":"https:\/\/www.ontdekschouwen-duiveland.nl\/de\/wp-json\/wp\/v2\/users\/2"}],"version-history":[{"count":10,"href":"https:\/\/www.ontdekschouwen-duiveland.nl\/de\/wp-json\/wp\/v2\/product\/4596\/revisions"}],"predecessor-version":[{"id":5993,"href":"https:\/\/www.ontdekschouwen-duiveland.nl\/de\/wp-json\/wp\/v2\/product\/4596\/revisions\/5993"}],"wp:featuredmedia":[{"embeddable":true,"href":"https:\/\/www.ontdekschouwen-duiveland.nl\/de\/wp-json\/wp\/v2\/media\/6104"}],"wp:attachment":[{"href":"https:\/\/www.ontdekschouwen-duiveland.nl\/de\/wp-json\/wp\/v2\/media?parent=4596"}],"wp:term":[{"taxonomy":"product_brand","embeddable":true,"href":"https:\/\/www.ontdekschouwen-duiveland.nl\/de\/wp-json\/wp\/v2\/product_brand?post=4596"},{"taxonomy":"product_cat","embeddable":true,"href":"https:\/\/www.ontdekschouwen-duiveland.nl\/de\/wp-json\/wp\/v2\/product_cat?post=4596"},{"taxonomy":"product_tag","embeddable":true,"href":"https:\/\/www.ontdekschouwen-duiveland.nl\/de\/wp-json\/wp\/v2\/product_tag?post=4596"}],"curies":[{"name":"wp","href":"https:\/\/api.w.org\/{rel}","templated":true}]}}