{"id":4689,"date":"2023-04-08T21:24:35","date_gmt":"2023-04-08T20:24:35","guid":{"rendered":"https:\/\/ontdekschouwen.nl\/?post_type=product&#038;p=4689"},"modified":"2026-04-06T10:58:51","modified_gmt":"2026-04-06T09:58:51","slug":"gadrabos-burgh-haamstede","status":"publish","type":"product","link":"https:\/\/www.ontdekschouwen-duiveland.nl\/de\/produkt\/gadrabos-burgh-haamstede\/","title":{"rendered":"Gadra-Wald Burgh-Haamstede"},"content":{"rendered":"<ul>\n<li>Entfernung: 2,3 km (hin und zur\u00fcck)<\/li>\n<li>Meist Waldwege.<\/li>\n<li>Ein sehr sch\u00f6ner Ausflug bei Sonne und Regen.<\/li>\n<li>Drucken oder von Ihrem Handy aus (im letzteren Fall bringen Sie Stift und Papier mit).<\/li>\n<li>\u00dcberpr\u00fcfen Sie <a href=\"https:\/\/www.facebook.com\/tlapje\/\">die \u00d6ffnungszeiten immer im Voraus.<\/a>.<\/li>\n<li>Belohnung beim Minigolf\/Indoor-Spielplatz \u2018t Lapje.<\/li>\n<li>Der Eintritt zum Indoor-Spielplatz ist separat zu bezahlen.<\/li>\n<li>Eine Belohnung pro gekaufter Schnitzeljagd.<\/li>\n<li>Hoher Rabatt beim Kauf von 2 oder mehr gleichen Quests.<\/li>\n<li>Ihre Best\u00e4tigungs-E-Mail ist Ihr Kaufbeleg f\u00fcr die \u00dcberraschungen (bewahren Sie ihn gut auf)<\/li>\n<\/ul>","protected":false},"excerpt":{"rendered":"<p><span class=\"S1PPyQ\">F\u00f6rsterin Evi ist aufgefallen, dass b\u00f6sartige Wilderer durch den Wald streifen. Wer hilft beim Aufsp\u00fcren? Damit sich alle Tiere wieder frei im Wald bewegen k\u00f6nnen? <\/span><\/p>\n<p>Eine spannende Schatzsuche durch den wundersch\u00f6nen Gadrabos, vorbei an coolen H\u00fctten, robusten Kletterb\u00e4umen und s\u00fc\u00dfen Ponys. Der Endpunkt ist Recreatiepark \u2018t Lapje, wo die Belohnung wartet!<\/p>","protected":false},"author":2,"featured_media":6202,"template":"","meta":{"_joinchat":[]},"product_brand":[],"product_cat":[31,94],"product_tag":[],"class_list":{"0":"post-4689","1":"product","2":"type-product","3":"status-publish","4":"has-post-thumbnail","6":"product_cat-speurtochten","7":"product_cat-speurtochten-met-verrassing","9":"first","10":"instock","11":"downloadable","12":"shipping-taxable","13":"purchasable","14":"product-type-simple"},"_links":{"self":[{"href":"https:\/\/www.ontdekschouwen-duiveland.nl\/de\/wp-json\/wp\/v2\/product\/4689","targetHints":{"allow":["GET"]}}],"collection":[{"href":"https:\/\/www.ontdekschouwen-duiveland.nl\/de\/wp-json\/wp\/v2\/product"}],"about":[{"href":"https:\/\/www.ontdekschouwen-duiveland.nl\/de\/wp-json\/wp\/v2\/types\/product"}],"author":[{"embeddable":true,"href":"https:\/\/www.ontdekschouwen-duiveland.nl\/de\/wp-json\/wp\/v2\/users\/2"}],"version-history":[{"count":7,"href":"https:\/\/www.ontdekschouwen-duiveland.nl\/de\/wp-json\/wp\/v2\/product\/4689\/revisions"}],"predecessor-version":[{"id":6129,"href":"https:\/\/www.ontdekschouwen-duiveland.nl\/de\/wp-json\/wp\/v2\/product\/4689\/revisions\/6129"}],"wp:featuredmedia":[{"embeddable":true,"href":"https:\/\/www.ontdekschouwen-duiveland.nl\/de\/wp-json\/wp\/v2\/media\/6202"}],"wp:attachment":[{"href":"https:\/\/www.ontdekschouwen-duiveland.nl\/de\/wp-json\/wp\/v2\/media?parent=4689"}],"wp:term":[{"taxonomy":"product_brand","embeddable":true,"href":"https:\/\/www.ontdekschouwen-duiveland.nl\/de\/wp-json\/wp\/v2\/product_brand?post=4689"},{"taxonomy":"product_cat","embeddable":true,"href":"https:\/\/www.ontdekschouwen-duiveland.nl\/de\/wp-json\/wp\/v2\/product_cat?post=4689"},{"taxonomy":"product_tag","embeddable":true,"href":"https:\/\/www.ontdekschouwen-duiveland.nl\/de\/wp-json\/wp\/v2\/product_tag?post=4689"}],"curies":[{"name":"wp","href":"https:\/\/api.w.org\/{rel}","templated":true}]}}