{"id":502,"date":"2022-06-18T10:44:05","date_gmt":"2022-06-18T10:44:05","guid":{"rendered":"http:\/\/ontdekschouwen.nl\/?post_type=product&#038;p=502"},"modified":"2025-07-17T21:35:48","modified_gmt":"2025-07-17T20:35:48","slug":"uitkijktoren-boswachterij-westenschouwen","status":"publish","type":"product","link":"https:\/\/www.ontdekschouwen-duiveland.nl\/de\/produkt\/uitkijktoren-boswachterij-westenschouwen\/","title":{"rendered":"Wachturm Boswachterij"},"content":{"rendered":"<ul>\n<li>Entfernung: 2,55 km.<\/li>\n<li>Ausgangspunkt: Parkplatz Groene Duin, <span class=\"LrzXr\">Bosweg, A. van de Weijdeweg<\/span><span class=\"LrzXr\">, Burgh-Haamstede<\/span>.<\/li>\n<li>Kostenpflichtige Parkpl\u00e4tze von 1-4 bis 31-10.<\/li>\n<li>Wegart: Steinweg und Waldweg<\/li>\n<li>Der Hund ist an der Leine erlaubt.<\/li>\n<li>Online- und Offline-Wegbeschreibungen.<\/li>\n<li>Drucken Sie die Bingokarte aus oder erstellen Sie sie von Ihrem Handy aus (bearbeiten Sie einen Screenshot der Bingokarte).<\/li>\n<\/ul>\n<p>&nbsp;<\/p>\n<p>&nbsp;<\/p>\n<p>&nbsp;<\/p>\n<p>&nbsp;<\/p>\n<p>&nbsp;<\/p>","protected":false},"excerpt":{"rendered":"<p>Auf zum Wachturm! Entspannen Sie sich im wundersch\u00f6nen D\u00fcnen- und Waldgebiet der Boswachterij van Burgh-Haamstede, w\u00e4hrend die Kinder auf dieser Route nach Tieren, Pflanzen und besonderen Dingen suchen.<\/p>\n<p>Wird auf der Bingokarte alles abgehakt? Die Chancen stehen gut! Daf\u00fcr muss man aber erst den Turm erklimmen! Vergessen Sie nicht, den Panoramablick zu genie\u00dfen?<\/p>","protected":false},"author":2,"featured_media":3547,"template":"","meta":{"_joinchat":[]},"product_brand":[],"product_cat":[31,93],"product_tag":[],"class_list":{"0":"post-502","1":"product","2":"type-product","3":"status-publish","4":"has-post-thumbnail","6":"product_cat-speurtochten","7":"product_cat-speurtochten-puur-natuur","9":"first","10":"instock","11":"downloadable","12":"shipping-taxable","13":"purchasable","14":"product-type-simple"},"_links":{"self":[{"href":"https:\/\/www.ontdekschouwen-duiveland.nl\/de\/wp-json\/wp\/v2\/product\/502","targetHints":{"allow":["GET"]}}],"collection":[{"href":"https:\/\/www.ontdekschouwen-duiveland.nl\/de\/wp-json\/wp\/v2\/product"}],"about":[{"href":"https:\/\/www.ontdekschouwen-duiveland.nl\/de\/wp-json\/wp\/v2\/types\/product"}],"author":[{"embeddable":true,"href":"https:\/\/www.ontdekschouwen-duiveland.nl\/de\/wp-json\/wp\/v2\/users\/2"}],"version-history":[{"count":34,"href":"https:\/\/www.ontdekschouwen-duiveland.nl\/de\/wp-json\/wp\/v2\/product\/502\/revisions"}],"predecessor-version":[{"id":4957,"href":"https:\/\/www.ontdekschouwen-duiveland.nl\/de\/wp-json\/wp\/v2\/product\/502\/revisions\/4957"}],"wp:featuredmedia":[{"embeddable":true,"href":"https:\/\/www.ontdekschouwen-duiveland.nl\/de\/wp-json\/wp\/v2\/media\/3547"}],"wp:attachment":[{"href":"https:\/\/www.ontdekschouwen-duiveland.nl\/de\/wp-json\/wp\/v2\/media?parent=502"}],"wp:term":[{"taxonomy":"product_brand","embeddable":true,"href":"https:\/\/www.ontdekschouwen-duiveland.nl\/de\/wp-json\/wp\/v2\/product_brand?post=502"},{"taxonomy":"product_cat","embeddable":true,"href":"https:\/\/www.ontdekschouwen-duiveland.nl\/de\/wp-json\/wp\/v2\/product_cat?post=502"},{"taxonomy":"product_tag","embeddable":true,"href":"https:\/\/www.ontdekschouwen-duiveland.nl\/de\/wp-json\/wp\/v2\/product_tag?post=502"}],"curies":[{"name":"wp","href":"https:\/\/api.w.org\/{rel}","templated":true}]}}