{"id":556,"date":"2022-06-19T17:49:57","date_gmt":"2022-06-19T17:49:57","guid":{"rendered":"http:\/\/ontdekschouwen.nl\/?post_type=product&#038;p=556"},"modified":"2025-06-06T09:12:59","modified_gmt":"2025-06-06T08:12:59","slug":"vogelkijkhut-zeepeduinen","status":"publish","type":"product","link":"https:\/\/www.ontdekschouwen-duiveland.nl\/de\/produkt\/vogelkijkhut-zeepeduinen\/","title":{"rendered":"Die Zeepeduinen"},"content":{"rendered":"<ul>\n<li>Entfernung: 3,29 km.<\/li>\n<li>Ausgangspunkt: Kreuzung Moolweg, Vertonsweg,\nNeue Stra\u00dfe, Burgh-Haamstede.<br \/>\nNieuwe weg, Burgh-Haamstede.<\/li>\n<li>Art des Weges: meist Sandweg.<\/li>\n<li>Drucken Sie die Bingokarte aus oder erstellen Sie sie von Ihrem Handy aus (bearbeiten Sie einen Screenshot der Bingokarte).<\/li>\n<li>Etwaige H\u00f6henunterschiede.<\/li>\n<li>Der Hund ist an der Leine erlaubt.<\/li>\n<li>Met routebeschrijving.<\/li>\n<li>30 % Rabatt auf zwei oder mehr gleiche Schnitzeljagden.<\/li>\n<\/ul>","protected":false},"excerpt":{"rendered":"<p>Dies ist einer unserer Favoriten: ein wundersch\u00f6ner Spaziergang voller Abwechslung und nat\u00fcrlicher Sch\u00f6nheit durch die Zeepeduinen. Unterwegs werden Sie staunen, denn es gibt viel zu sehen: Bunker, Moore, Ponys, ein sch\u00f6nes Vogelh\u00e4uschen und vieles mehr.<\/p>\n<p>Die Kinder werden sich keinen Moment langweilen. Mit der speziell f\u00fcr diese Strecke angefertigten Bingokarte werden sie dir wahrscheinlich vorauslaufen, um alles so schnell wie m\u00f6glich abzuhaken. Wer findet als Erster eine Hirschspur?<\/p>","protected":false},"author":2,"featured_media":4101,"template":"","meta":{"_joinchat":[]},"product_brand":[],"product_cat":[31,93],"product_tag":[],"class_list":{"0":"post-556","1":"product","2":"type-product","3":"status-publish","4":"has-post-thumbnail","6":"product_cat-speurtochten","7":"product_cat-speurtochten-puur-natuur","9":"first","10":"instock","11":"downloadable","12":"shipping-taxable","13":"purchasable","14":"product-type-simple"},"_links":{"self":[{"href":"https:\/\/www.ontdekschouwen-duiveland.nl\/de\/wp-json\/wp\/v2\/product\/556","targetHints":{"allow":["GET"]}}],"collection":[{"href":"https:\/\/www.ontdekschouwen-duiveland.nl\/de\/wp-json\/wp\/v2\/product"}],"about":[{"href":"https:\/\/www.ontdekschouwen-duiveland.nl\/de\/wp-json\/wp\/v2\/types\/product"}],"author":[{"embeddable":true,"href":"https:\/\/www.ontdekschouwen-duiveland.nl\/de\/wp-json\/wp\/v2\/users\/2"}],"version-history":[{"count":14,"href":"https:\/\/www.ontdekschouwen-duiveland.nl\/de\/wp-json\/wp\/v2\/product\/556\/revisions"}],"predecessor-version":[{"id":6649,"href":"https:\/\/www.ontdekschouwen-duiveland.nl\/de\/wp-json\/wp\/v2\/product\/556\/revisions\/6649"}],"wp:featuredmedia":[{"embeddable":true,"href":"https:\/\/www.ontdekschouwen-duiveland.nl\/de\/wp-json\/wp\/v2\/media\/4101"}],"wp:attachment":[{"href":"https:\/\/www.ontdekschouwen-duiveland.nl\/de\/wp-json\/wp\/v2\/media?parent=556"}],"wp:term":[{"taxonomy":"product_brand","embeddable":true,"href":"https:\/\/www.ontdekschouwen-duiveland.nl\/de\/wp-json\/wp\/v2\/product_brand?post=556"},{"taxonomy":"product_cat","embeddable":true,"href":"https:\/\/www.ontdekschouwen-duiveland.nl\/de\/wp-json\/wp\/v2\/product_cat?post=556"},{"taxonomy":"product_tag","embeddable":true,"href":"https:\/\/www.ontdekschouwen-duiveland.nl\/de\/wp-json\/wp\/v2\/product_tag?post=556"}],"curies":[{"name":"wp","href":"https:\/\/api.w.org\/{rel}","templated":true}]}}