{"id":6213,"date":"2023-11-12T12:26:13","date_gmt":"2023-11-12T11:26:13","guid":{"rendered":"https:\/\/www.ontdekschouwen-duiveland.nl\/?post_type=product&#038;p=6213"},"modified":"2024-02-22T15:02:36","modified_gmt":"2024-02-22T14:02:36","slug":"scharendijke","status":"publish","type":"product","link":"https:\/\/www.ontdekschouwen-duiveland.nl\/de\/produkt\/scharendijke\/","title":{"rendered":"Scharendijke"},"content":{"rendered":"<ul>\n<li>Ausgangspunkt: Parkplatz Dijkstraat, Scharendijke.<\/li>\n<li>Entfernung: ca. 2 Kilometer, inklusive entlang des Wassers und eines Spielplatzes.<\/li>\n<li>Gepflasterte und unbefestigte Wege.<\/li>\n<li>Drucken oder von Ihrem Handy aus.<\/li>\n<li>Belohnung im Eetcaf\u00e9 Salud, Scharendijke. \u00dcberpr\u00fcfen <a href=\"https:\/\/www.eetcafesalud.nl\/\">die \u00d6ffnungszeiten immer im Voraus.<\/a>.<\/li>\n<li>Eine Belohnung pro gekaufter Schnitzeljagd.<\/li>\n<li>Hoher Rabatt beim Kauf von 2 oder mehr gleichen Quests.<\/li>\n<li>Ihre Best\u00e4tigungs-E-Mail ist Ihr Kaufbeleg f\u00fcr die \u00dcberraschungen (bewahren Sie ihn gut auf)<\/li>\n<\/ul>","protected":false},"excerpt":{"rendered":"<p>Kennst du Hund Bl\u00e4sz schon? Er ist ein ber\u00fchmter Held aus dem Dorf Scharendijke in Zeeland. W\u00e4hrend der Flutkatastrophe rettete das Tier Dutzende K\u00fche aus dem kalten Wasser. Das ist nat\u00fcrlich sehr cool, aber wie hat der Hund das gemacht?<\/p>\n<p>&nbsp;<\/p>\n<p>Bei dieser Schatzsuche helfen die Kinder dem Hund Bl\u00e4sz, die K\u00fche zu retten. Ein super cooler Schnitzeljagd entlang des wundersch\u00f6nen Grevelingen und der Statue des tapferen Hundes. Der Endpunkt ist Eetcaf\u00e9 Salud, wo die Belohnung auf Sie wartet!<\/p>","protected":false},"author":2,"featured_media":6216,"template":"","meta":{"_joinchat":[]},"product_brand":[],"product_cat":[31,98,94],"product_tag":[],"class_list":{"0":"post-6213","1":"product","2":"type-product","3":"status-publish","4":"has-post-thumbnail","6":"product_cat-speurtochten","7":"product_cat-speurtochten-cultuur","8":"product_cat-speurtochten-met-verrassing","10":"first","11":"instock","12":"downloadable","13":"shipping-taxable","14":"purchasable","15":"product-type-simple"},"_links":{"self":[{"href":"https:\/\/www.ontdekschouwen-duiveland.nl\/de\/wp-json\/wp\/v2\/product\/6213","targetHints":{"allow":["GET"]}}],"collection":[{"href":"https:\/\/www.ontdekschouwen-duiveland.nl\/de\/wp-json\/wp\/v2\/product"}],"about":[{"href":"https:\/\/www.ontdekschouwen-duiveland.nl\/de\/wp-json\/wp\/v2\/types\/product"}],"author":[{"embeddable":true,"href":"https:\/\/www.ontdekschouwen-duiveland.nl\/de\/wp-json\/wp\/v2\/users\/2"}],"version-history":[{"count":8,"href":"https:\/\/www.ontdekschouwen-duiveland.nl\/de\/wp-json\/wp\/v2\/product\/6213\/revisions"}],"predecessor-version":[{"id":6226,"href":"https:\/\/www.ontdekschouwen-duiveland.nl\/de\/wp-json\/wp\/v2\/product\/6213\/revisions\/6226"}],"wp:featuredmedia":[{"embeddable":true,"href":"https:\/\/www.ontdekschouwen-duiveland.nl\/de\/wp-json\/wp\/v2\/media\/6216"}],"wp:attachment":[{"href":"https:\/\/www.ontdekschouwen-duiveland.nl\/de\/wp-json\/wp\/v2\/media?parent=6213"}],"wp:term":[{"taxonomy":"product_brand","embeddable":true,"href":"https:\/\/www.ontdekschouwen-duiveland.nl\/de\/wp-json\/wp\/v2\/product_brand?post=6213"},{"taxonomy":"product_cat","embeddable":true,"href":"https:\/\/www.ontdekschouwen-duiveland.nl\/de\/wp-json\/wp\/v2\/product_cat?post=6213"},{"taxonomy":"product_tag","embeddable":true,"href":"https:\/\/www.ontdekschouwen-duiveland.nl\/de\/wp-json\/wp\/v2\/product_tag?post=6213"}],"curies":[{"name":"wp","href":"https:\/\/api.w.org\/{rel}","templated":true}]}}