{"id":6255,"date":"2023-12-30T18:30:29","date_gmt":"2023-12-30T17:30:29","guid":{"rendered":"https:\/\/www.ontdekschouwen-duiveland.nl\/?post_type=product&#038;p=6255"},"modified":"2025-10-21T13:20:24","modified_gmt":"2025-10-21T12:20:24","slug":"speurtocht-zierikzee","status":"publish","type":"product","link":"https:\/\/www.ontdekschouwen-duiveland.nl\/de\/produkt\/speurtocht-zierikzee\/","title":{"rendered":"Schnitzeljagd Zierikzee"},"content":{"rendered":"<ul>\n<li>Entfernung: 2 Kilometer<\/li>\n<li>Drucken oder von Ihrem Handy aus.<\/li>\n<li>Eindpunt is Bakkerij de Visser waar de beloning wacht (tegenover de Hema).<\/li>\n<li>Eine Belohnung pro gekaufter Schnitzeljagd.<\/li>\n<li>Hoher Rabatt beim Kauf von 2 oder mehr gleichen Quests.<\/li>\n<li>Ihre Best\u00e4tigungs-E-Mail ist Ihr Kaufbeleg f\u00fcr die \u00dcberraschungen (bewahren Sie ihn gut auf)<\/li>\n<li>Check vooraf de openingstijden van <a href=\"https:\/\/toegankelijkschouwenduiveland.nl\/voorzieningen\/brood-en-banketbakkerij-de-visser\">Backerei <\/a>de Visser (doorgaans ma t\/m za 8.00 t\/m 17.3o uur).<\/li>\n<\/ul>","protected":false},"excerpt":{"rendered":"<p><span class=\"OYPEnA text-decoration-none text-strikethrough-none\">Vor Hunderten von Jahren versteckte der ber\u00fcchtigte Kapit\u00e4n Arie einen Schatz unter dem Boden eines Lagerhauses in Zierikzee. Welches Haus w\u00e4re das? <\/span><span class=\"OYPEnA text-decoration-none text-strikethrough-none\">Niemand erfuhr davon und der Schatz wurde daher nie gefunden. Begleiten Sie uns bei der Suche?<br \/>\n<\/span><\/p>\n<p>&nbsp;<\/p>\n<p>Eine unterhaltsame Schatzsuche durch das jahrhundertealte Zentrum der monumentalen Stadt Zierikzee. Am Endpunkt erwartet die Detektive eine Belohnung!<\/p>","protected":false},"author":2,"featured_media":6257,"template":"","meta":{"_joinchat":[]},"product_brand":[],"product_cat":[31,98,94],"product_tag":[],"class_list":{"0":"post-6255","1":"product","2":"type-product","3":"status-publish","4":"has-post-thumbnail","6":"product_cat-speurtochten","7":"product_cat-speurtochten-cultuur","8":"product_cat-speurtochten-met-verrassing","10":"first","11":"instock","12":"downloadable","13":"shipping-taxable","14":"purchasable","15":"product-type-simple"},"_links":{"self":[{"href":"https:\/\/www.ontdekschouwen-duiveland.nl\/de\/wp-json\/wp\/v2\/product\/6255","targetHints":{"allow":["GET"]}}],"collection":[{"href":"https:\/\/www.ontdekschouwen-duiveland.nl\/de\/wp-json\/wp\/v2\/product"}],"about":[{"href":"https:\/\/www.ontdekschouwen-duiveland.nl\/de\/wp-json\/wp\/v2\/types\/product"}],"author":[{"embeddable":true,"href":"https:\/\/www.ontdekschouwen-duiveland.nl\/de\/wp-json\/wp\/v2\/users\/2"}],"version-history":[{"count":9,"href":"https:\/\/www.ontdekschouwen-duiveland.nl\/de\/wp-json\/wp\/v2\/product\/6255\/revisions"}],"predecessor-version":[{"id":6725,"href":"https:\/\/www.ontdekschouwen-duiveland.nl\/de\/wp-json\/wp\/v2\/product\/6255\/revisions\/6725"}],"wp:featuredmedia":[{"embeddable":true,"href":"https:\/\/www.ontdekschouwen-duiveland.nl\/de\/wp-json\/wp\/v2\/media\/6257"}],"wp:attachment":[{"href":"https:\/\/www.ontdekschouwen-duiveland.nl\/de\/wp-json\/wp\/v2\/media?parent=6255"}],"wp:term":[{"taxonomy":"product_brand","embeddable":true,"href":"https:\/\/www.ontdekschouwen-duiveland.nl\/de\/wp-json\/wp\/v2\/product_brand?post=6255"},{"taxonomy":"product_cat","embeddable":true,"href":"https:\/\/www.ontdekschouwen-duiveland.nl\/de\/wp-json\/wp\/v2\/product_cat?post=6255"},{"taxonomy":"product_tag","embeddable":true,"href":"https:\/\/www.ontdekschouwen-duiveland.nl\/de\/wp-json\/wp\/v2\/product_tag?post=6255"}],"curies":[{"name":"wp","href":"https:\/\/api.w.org\/{rel}","templated":true}]}}